{"id":234,"date":"2020-04-19T19:11:29","date_gmt":"2020-04-19T17:11:29","guid":{"rendered":"https:\/\/ermis-apartments.de\/?post_type=product&#038;p=234"},"modified":"2025-08-09T17:09:40","modified_gmt":"2025-08-09T15:09:40","slug":"deluxe-apartment","status":"publish","type":"product","link":"https:\/\/ermis-apartments.de\/en_en\/product\/deluxe-apartment\/","title":{"rendered":"Apartment Deluxe"},"content":{"rendered":"<div class=\"hops__personalised-description js-host-info__description\" dir=\"ltr\">\n<p class=\"translation-block\">The accommodation (92m\u00b2) is in a <strong>very quiet location<\/strong> of a pleasant 3-family house near the outlet\nand offers a modern ambience with internet-enabled smart TV with various available streaming services<\/p>\n<p class=\"translation-block\">The 3-room apartment includes <strong>2 bedrooms<\/strong> with 2 single beds each (in total <strong>4 single beds<\/strong>), a <strong>living room<\/strong> with a sofa bed, a fully equipped <strong>kitchen<\/strong> and a very modern furnished <strong>bathroom<\/strong><\/p>\n<p class=\"translation-block\">The Apartment Deluxe was <strong>completely renovated<\/strong> in February 2020<\/p>\n<p class=\"translation-block\">Thanks to the <strong>integrated sound insulation<\/strong>, you can enjoy a <strong>quiet stay<\/strong><\/p>\n<p class=\"translation-block\">You can use free and fast <strong>WiFi<\/strong> during your stay<\/p>\n<p class=\"translation-block\">The <strong>extra large beds (1.20m)<\/strong> ensure a comfortable and restful sleep<\/p>\n<p class=\"translation-block\">The <strong>world-famous outlet<\/strong> and various shopping venues can be reached on foot <strong>in just 5 minutes<\/strong><\/p>\n<p class=\"translation-block\">Apartment 2 is on the <strong>2nd floor<\/strong> of a pleasant 3-family house<\/p>\n<p class=\"translation-block\">A <strong>washing machine<\/strong> and <strong>dryer<\/strong> are available <strong>free<\/strong> of charge for stays of <strong>1 week or more<\/strong><\/p>\n<p class=\"translation-block\">For your convenience, we offer a pleasant <strong>self-check-in<\/strong>, which our guests have valued for over 1 year<\/p>\n<p class=\"translation-block\">We as hosts live on the ground floor of the 3-family house and are <strong>available for you at any time<\/strong><\/p>\n<\/div>","protected":false},"excerpt":{"rendered":"<p>Die Unterkunft (55m\u00b2) befindet sich in einer sehr ruhigen Lage eines sympathischen 3-Familienhauses in der N\u00e4he des Outlets und bietet ein modernes Ambiente mit internetf\u00e4higem Smart-TV mit diversen verf\u00fcgbaren Streamingdiensten Das 3-Zimmer-Apartment beinhaltet 2 Schlafzimmer mit jeweils 2 Einzelbetten (in Summe 4 Einzelbetten), ein Wohnzimmer mit einem Schlafsofa, eine vollausgestattete K\u00fcche sowie ein sehr modern [&#8230;]","protected":false},"featured_media":132,"template":"","meta":{"_monsterinsights_skip_tracking":false,"_monsterinsights_sitenote_active":false,"_monsterinsights_sitenote_note":"","_monsterinsights_sitenote_category":0},"product_brand":[],"product_cat":[33],"product_tag":[],"class_list":{"0":"post-234","1":"product","2":"type-product","3":"status-publish","4":"has-post-thumbnail","6":"product_cat-apartments","7":"yith_booking_service-tuerkisches-fruehstueck","8":"yith_booking_service-franzoesisches-fruehstueck","10":"first","11":"instock","12":"virtual","13":"sold-individually","14":"taxable","15":"purchasable","16":"product-type-booking"},"yoast_head":"<!-- This site is optimized with the Yoast SEO plugin v25.3 - https:\/\/yoast.com\/wordpress\/plugins\/seo\/ -->\n<title>Apartment Deluxe - Ermis Apartments<\/title>\n<meta name=\"robots\" content=\"index, follow, max-snippet:-1, max-image-preview:large, max-video-preview:-1\" \/>\n<link rel=\"canonical\" href=\"https:\/\/ermis-apartments.de\/en_en\/product\/deluxe-apartment\/\" \/>\n<meta property=\"og:locale\" content=\"en_GB\" \/>\n<meta property=\"og:type\" content=\"article\" \/>\n<meta property=\"og:title\" content=\"Apartment Deluxe - Ermis Apartments\" \/>\n<meta property=\"og:description\" content=\"Die Unterkunft (55m\u00b2) befindet sich in einer sehr ruhigen Lage eines sympathischen 3-Familienhauses in der N\u00e4he des Outlets und bietet ein modernes Ambiente mit internetf\u00e4higem Smart-TV mit diversen verf\u00fcgbaren Streamingdiensten Das 3-Zimmer-Apartment beinhaltet 2 Schlafzimmer mit jeweils 2 Einzelbetten (in Summe 4 Einzelbetten), ein Wohnzimmer mit einem Schlafsofa, eine vollausgestattete K\u00fcche sowie ein sehr modern [...]\" \/>\n<meta property=\"og:url\" content=\"https:\/\/ermis-apartments.de\/en_en\/product\/deluxe-apartment\/\" \/>\n<meta property=\"og:site_name\" content=\"Ermis Apartments\" \/>\n<meta property=\"article:modified_time\" content=\"2025-08-09T15:09:40+00:00\" \/>\n<meta property=\"og:image\" content=\"https:\/\/ermis-apartments.de\/wp-content\/uploads\/2020\/03\/20200309_204847-1-scaled.jpg\" \/>\n\t<meta property=\"og:image:width\" content=\"2560\" \/>\n\t<meta property=\"og:image:height\" content=\"1707\" \/>\n\t<meta property=\"og:image:type\" content=\"image\/jpeg\" \/>\n<meta name=\"twitter:card\" content=\"summary_large_image\" \/>\n<meta name=\"twitter:label1\" content=\"Estimated reading time\" \/>\n\t<meta name=\"twitter:data1\" content=\"2 minutes\" \/>\n<script type=\"application\/ld+json\" class=\"yoast-schema-graph\">{\"@context\":\"https:\/\/schema.org\",\"@graph\":[{\"@type\":\"WebPage\",\"@id\":\"https:\/\/ermis-apartments.de\/produkt\/deluxe-apartment\/\",\"url\":\"https:\/\/ermis-apartments.de\/produkt\/deluxe-apartment\/\",\"name\":\"Apartment Deluxe - Ermis Apartments\",\"isPartOf\":{\"@id\":\"https:\/\/ermis-apartments.de\/#website\"},\"primaryImageOfPage\":{\"@id\":\"https:\/\/ermis-apartments.de\/produkt\/deluxe-apartment\/#primaryimage\"},\"image\":{\"@id\":\"https:\/\/ermis-apartments.de\/produkt\/deluxe-apartment\/#primaryimage\"},\"thumbnailUrl\":\"https:\/\/ermis-apartments.de\/wp-content\/uploads\/2020\/03\/20200309_204847-1-scaled.jpg\",\"datePublished\":\"2020-04-19T17:11:29+00:00\",\"dateModified\":\"2025-08-09T15:09:40+00:00\",\"breadcrumb\":{\"@id\":\"https:\/\/ermis-apartments.de\/produkt\/deluxe-apartment\/#breadcrumb\"},\"inLanguage\":\"en-GB\",\"potentialAction\":[{\"@type\":\"ReadAction\",\"target\":[\"https:\/\/ermis-apartments.de\/produkt\/deluxe-apartment\/\"]}]},{\"@type\":\"ImageObject\",\"inLanguage\":\"en-GB\",\"@id\":\"https:\/\/ermis-apartments.de\/produkt\/deluxe-apartment\/#primaryimage\",\"url\":\"https:\/\/ermis-apartments.de\/wp-content\/uploads\/2020\/03\/20200309_204847-1-scaled.jpg\",\"contentUrl\":\"https:\/\/ermis-apartments.de\/wp-content\/uploads\/2020\/03\/20200309_204847-1-scaled.jpg\",\"width\":2560,\"height\":1707},{\"@type\":\"BreadcrumbList\",\"@id\":\"https:\/\/ermis-apartments.de\/produkt\/deluxe-apartment\/#breadcrumb\",\"itemListElement\":[{\"@type\":\"ListItem\",\"position\":1,\"name\":\"Startseite\",\"item\":\"https:\/\/ermis-apartments.de\/\"},{\"@type\":\"ListItem\",\"position\":2,\"name\":\"Shop\",\"item\":\"https:\/\/ermis-apartments.de\/shop\/\"},{\"@type\":\"ListItem\",\"position\":3,\"name\":\"Apartment Deluxe\"}]},{\"@type\":\"WebSite\",\"@id\":\"https:\/\/ermis-apartments.de\/#website\",\"url\":\"https:\/\/ermis-apartments.de\/\",\"name\":\"Ermis Apartments\",\"description\":\"Apartments in Metzingen\",\"potentialAction\":[{\"@type\":\"SearchAction\",\"target\":{\"@type\":\"EntryPoint\",\"urlTemplate\":\"https:\/\/ermis-apartments.de\/?s={search_term_string}\"},\"query-input\":{\"@type\":\"PropertyValueSpecification\",\"valueRequired\":true,\"valueName\":\"search_term_string\"}}],\"inLanguage\":\"en-GB\"}]}<\/script>\n<!-- \/ Yoast SEO plugin. -->","yoast_head_json":{"title":"Apartment Deluxe - Ermis Apartments","robots":{"index":"index","follow":"follow","max-snippet":"max-snippet:-1","max-image-preview":"max-image-preview:large","max-video-preview":"max-video-preview:-1"},"canonical":"https:\/\/ermis-apartments.de\/en_en\/product\/deluxe-apartment\/","og_locale":"en_GB","og_type":"article","og_title":"Apartment Deluxe - Ermis Apartments","og_description":"Die Unterkunft (55m\u00b2) befindet sich in einer sehr ruhigen Lage eines sympathischen 3-Familienhauses in der N\u00e4he des Outlets und bietet ein modernes Ambiente mit internetf\u00e4higem Smart-TV mit diversen verf\u00fcgbaren Streamingdiensten Das 3-Zimmer-Apartment beinhaltet 2 Schlafzimmer mit jeweils 2 Einzelbetten (in Summe 4 Einzelbetten), ein Wohnzimmer mit einem Schlafsofa, eine vollausgestattete K\u00fcche sowie ein sehr modern [...]","og_url":"https:\/\/ermis-apartments.de\/en_en\/product\/deluxe-apartment\/","og_site_name":"Ermis Apartments","article_modified_time":"2025-08-09T15:09:40+00:00","og_image":[{"width":2560,"height":1707,"url":"https:\/\/ermis-apartments.de\/wp-content\/uploads\/2020\/03\/20200309_204847-1-scaled.jpg","type":"image\/jpeg"}],"twitter_card":"summary_large_image","twitter_misc":{"Estimated reading time":"2 minutes"},"schema":{"@context":"https:\/\/schema.org","@graph":[{"@type":"WebPage","@id":"https:\/\/ermis-apartments.de\/produkt\/deluxe-apartment\/","url":"https:\/\/ermis-apartments.de\/produkt\/deluxe-apartment\/","name":"Apartment Deluxe - Ermis Apartments","isPartOf":{"@id":"https:\/\/ermis-apartments.de\/#website"},"primaryImageOfPage":{"@id":"https:\/\/ermis-apartments.de\/produkt\/deluxe-apartment\/#primaryimage"},"image":{"@id":"https:\/\/ermis-apartments.de\/produkt\/deluxe-apartment\/#primaryimage"},"thumbnailUrl":"https:\/\/ermis-apartments.de\/wp-content\/uploads\/2020\/03\/20200309_204847-1-scaled.jpg","datePublished":"2020-04-19T17:11:29+00:00","dateModified":"2025-08-09T15:09:40+00:00","breadcrumb":{"@id":"https:\/\/ermis-apartments.de\/produkt\/deluxe-apartment\/#breadcrumb"},"inLanguage":"en-GB","potentialAction":[{"@type":"ReadAction","target":["https:\/\/ermis-apartments.de\/produkt\/deluxe-apartment\/"]}]},{"@type":"ImageObject","inLanguage":"en-GB","@id":"https:\/\/ermis-apartments.de\/produkt\/deluxe-apartment\/#primaryimage","url":"https:\/\/ermis-apartments.de\/wp-content\/uploads\/2020\/03\/20200309_204847-1-scaled.jpg","contentUrl":"https:\/\/ermis-apartments.de\/wp-content\/uploads\/2020\/03\/20200309_204847-1-scaled.jpg","width":2560,"height":1707},{"@type":"BreadcrumbList","@id":"https:\/\/ermis-apartments.de\/produkt\/deluxe-apartment\/#breadcrumb","itemListElement":[{"@type":"ListItem","position":1,"name":"Startseite","item":"https:\/\/ermis-apartments.de\/"},{"@type":"ListItem","position":2,"name":"Shop","item":"https:\/\/ermis-apartments.de\/shop\/"},{"@type":"ListItem","position":3,"name":"Apartment Deluxe"}]},{"@type":"WebSite","@id":"https:\/\/ermis-apartments.de\/#website","url":"https:\/\/ermis-apartments.de\/","name":"Ermis Apartments","description":"Apartments in Metzingen","potentialAction":[{"@type":"SearchAction","target":{"@type":"EntryPoint","urlTemplate":"https:\/\/ermis-apartments.de\/?s={search_term_string}"},"query-input":{"@type":"PropertyValueSpecification","valueRequired":true,"valueName":"search_term_string"}}],"inLanguage":"en-GB"}]}},"_links":{"self":[{"href":"https:\/\/ermis-apartments.de\/en_en\/wp-json\/wp\/v2\/product\/234","targetHints":{"allow":["GET"]}}],"collection":[{"href":"https:\/\/ermis-apartments.de\/en_en\/wp-json\/wp\/v2\/product"}],"about":[{"href":"https:\/\/ermis-apartments.de\/en_en\/wp-json\/wp\/v2\/types\/product"}],"wp:featuredmedia":[{"embeddable":true,"href":"https:\/\/ermis-apartments.de\/en_en\/wp-json\/wp\/v2\/media\/132"}],"wp:attachment":[{"href":"https:\/\/ermis-apartments.de\/en_en\/wp-json\/wp\/v2\/media?parent=234"}],"wp:term":[{"taxonomy":"product_brand","embeddable":true,"href":"https:\/\/ermis-apartments.de\/en_en\/wp-json\/wp\/v2\/product_brand?post=234"},{"taxonomy":"product_cat","embeddable":true,"href":"https:\/\/ermis-apartments.de\/en_en\/wp-json\/wp\/v2\/product_cat?post=234"},{"taxonomy":"product_tag","embeddable":true,"href":"https:\/\/ermis-apartments.de\/en_en\/wp-json\/wp\/v2\/product_tag?post=234"}],"curies":[{"name":"wp","href":"https:\/\/api.w.org\/{rel}","templated":true}]}}