{"id":37,"date":"2020-03-21T15:46:43","date_gmt":"2020-03-21T14:46:43","guid":{"rendered":"https:\/\/ermis-apartments.de\/?page_id=37"},"modified":"2020-09-11T22:18:26","modified_gmt":"2020-09-11T20:18:26","slug":"fruehstueck","status":"publish","type":"page","link":"https:\/\/ermis-apartments.de\/en_en\/fruehstueck\/","title":{"rendered":"Breakfast"},"content":{"rendered":"<section class=\"section\" id=\"section_1681827486\">\n\t\t<div class=\"bg section-bg fill bg-fill  bg-loaded\" >\n\n\t\t\t\n\t\t\t<div class=\"section-bg-overlay absolute fill\"><\/div>\n\t\t\t\n\n\t\t<\/div>\n\n\t\t\n\n\t\t<div class=\"section-content relative\">\n\t\t\t\n\n<div class=\"row row-large align-center\"  id=\"row-170880791\">\n\n\n\t<div id=\"col-466716263\" class=\"col large-12\"  >\n\t\t\t\t<div class=\"col-inner\"  >\n\t\t\t\n\t\t\t\n\n<div class=\"slider-wrapper relative\" id=\"slider-262072120\" style=\"background-color:#232323;\">\n    <div class=\"slider slider-nav-circle slider-nav-large slider-nav-light slider-style-normal\"\n        data-flickity-options='{            \"cellAlign\": \"center\",            \"imagesLoaded\": true,            \"lazyLoad\": 1,            \"freeScroll\": false,            \"wrapAround\": true,            \"autoPlay\": 5000,            \"pauseAutoPlayOnHover\" : true,            \"prevNextButtons\": true,            \"contain\" : true,            \"adaptiveHeight\" : true,            \"dragThreshold\" : 10,            \"percentPosition\": true,            \"pageDots\": true,            \"rightToLeft\": false,            \"draggable\": true,            \"selectedAttraction\": 0.1,            \"parallax\" : 0,            \"friction\": 0.6        }'\n        >\n        \n\n\t<div class=\"img has-hover x md-x lg-x y md-y lg-y\" id=\"image_944718832\">\n\t\t\t\t\t\t\t\t<div class=\"img-inner dark\" >\n\t\t\t<img loading=\"lazy\" decoding=\"async\" width=\"1020\" height=\"680\" src=\"https:\/\/ermis-apartments.de\/wp-content\/uploads\/2020\/08\/IMG_6288-1024x683.jpg\" class=\"attachment-large size-large\" alt=\"\" srcset=\"https:\/\/ermis-apartments.de\/wp-content\/uploads\/2020\/08\/IMG_6288-1024x683.jpg 1024w, https:\/\/ermis-apartments.de\/wp-content\/uploads\/2020\/08\/IMG_6288-300x200.jpg 300w, https:\/\/ermis-apartments.de\/wp-content\/uploads\/2020\/08\/IMG_6288-768x512.jpg 768w, https:\/\/ermis-apartments.de\/wp-content\/uploads\/2020\/08\/IMG_6288-1536x1024.jpg 1536w, https:\/\/ermis-apartments.de\/wp-content\/uploads\/2020\/08\/IMG_6288-2048x1365.jpg 2048w, https:\/\/ermis-apartments.de\/wp-content\/uploads\/2020\/08\/IMG_6288-510x340.jpg 510w\" sizes=\"auto, (max-width: 1020px) 100vw, 1020px\" \/>\t\t\t\t\t\t\n\t\t\t\t\t<\/div>\n\t\t\t\t\t\t\t\t\n<style>\n#image_944718832 {\n  width: 100%;\n}\n<\/style>\n\t<\/div>\n\t\n\n\t<div class=\"img has-hover x md-x lg-x y md-y lg-y\" id=\"image_1672229036\">\n\t\t\t\t\t\t\t\t<div class=\"img-inner dark\" >\n\t\t\t<img loading=\"lazy\" decoding=\"async\" width=\"1020\" height=\"680\" src=\"https:\/\/ermis-apartments.de\/wp-content\/uploads\/2020\/08\/IMG_6292-1024x683.jpg\" class=\"attachment-large size-large\" alt=\"\" srcset=\"https:\/\/ermis-apartments.de\/wp-content\/uploads\/2020\/08\/IMG_6292-1024x683.jpg 1024w, https:\/\/ermis-apartments.de\/wp-content\/uploads\/2020\/08\/IMG_6292-300x200.jpg 300w, https:\/\/ermis-apartments.de\/wp-content\/uploads\/2020\/08\/IMG_6292-768x512.jpg 768w, https:\/\/ermis-apartments.de\/wp-content\/uploads\/2020\/08\/IMG_6292-1536x1024.jpg 1536w, https:\/\/ermis-apartments.de\/wp-content\/uploads\/2020\/08\/IMG_6292-2048x1365.jpg 2048w, https:\/\/ermis-apartments.de\/wp-content\/uploads\/2020\/08\/IMG_6292-510x340.jpg 510w\" sizes=\"auto, (max-width: 1020px) 100vw, 1020px\" \/>\t\t\t\t\t\t\n\t\t\t\t\t<\/div>\n\t\t\t\t\t\t\t\t\n<style>\n#image_1672229036 {\n  width: 100%;\n}\n<\/style>\n\t<\/div>\n\t\n\n\t<div class=\"img has-hover x md-x lg-x y md-y lg-y\" id=\"image_1812147981\">\n\t\t\t\t\t\t\t\t<div class=\"img-inner dark\" >\n\t\t\t<img loading=\"lazy\" decoding=\"async\" width=\"1020\" height=\"680\" src=\"https:\/\/ermis-apartments.de\/wp-content\/uploads\/2020\/08\/IMG_6326-1024x683.jpg\" class=\"attachment-large size-large\" alt=\"\" srcset=\"https:\/\/ermis-apartments.de\/wp-content\/uploads\/2020\/08\/IMG_6326-1024x683.jpg 1024w, https:\/\/ermis-apartments.de\/wp-content\/uploads\/2020\/08\/IMG_6326-300x200.jpg 300w, https:\/\/ermis-apartments.de\/wp-content\/uploads\/2020\/08\/IMG_6326-768x512.jpg 768w, https:\/\/ermis-apartments.de\/wp-content\/uploads\/2020\/08\/IMG_6326-1536x1024.jpg 1536w, https:\/\/ermis-apartments.de\/wp-content\/uploads\/2020\/08\/IMG_6326-2048x1365.jpg 2048w, https:\/\/ermis-apartments.de\/wp-content\/uploads\/2020\/08\/IMG_6326-510x340.jpg 510w\" sizes=\"auto, (max-width: 1020px) 100vw, 1020px\" \/>\t\t\t\t\t\t\n\t\t\t\t\t<\/div>\n\t\t\t\t\t\t\t\t\n<style>\n#image_1812147981 {\n  width: 100%;\n}\n<\/style>\n\t<\/div>\n\t\n\n\t<div class=\"img has-hover x md-x lg-x y md-y lg-y\" id=\"image_2061884098\">\n\t\t\t\t\t\t\t\t<div class=\"img-inner dark\" >\n\t\t\t<img loading=\"lazy\" decoding=\"async\" width=\"1020\" height=\"680\" src=\"https:\/\/ermis-apartments.de\/wp-content\/uploads\/2020\/08\/IMG_6315-1024x683.jpg\" class=\"attachment-large size-large\" alt=\"\" srcset=\"https:\/\/ermis-apartments.de\/wp-content\/uploads\/2020\/08\/IMG_6315-1024x683.jpg 1024w, https:\/\/ermis-apartments.de\/wp-content\/uploads\/2020\/08\/IMG_6315-300x200.jpg 300w, https:\/\/ermis-apartments.de\/wp-content\/uploads\/2020\/08\/IMG_6315-768x512.jpg 768w, https:\/\/ermis-apartments.de\/wp-content\/uploads\/2020\/08\/IMG_6315-1536x1024.jpg 1536w, https:\/\/ermis-apartments.de\/wp-content\/uploads\/2020\/08\/IMG_6315-2048x1365.jpg 2048w, https:\/\/ermis-apartments.de\/wp-content\/uploads\/2020\/08\/IMG_6315-510x340.jpg 510w\" sizes=\"auto, (max-width: 1020px) 100vw, 1020px\" \/>\t\t\t\t\t\t\n\t\t\t\t\t<\/div>\n\t\t\t\t\t\t\t\t\n<style>\n#image_2061884098 {\n  width: 100%;\n}\n<\/style>\n\t<\/div>\n\t\n\n\t<div class=\"img has-hover x md-x lg-x y md-y lg-y\" id=\"image_997138829\">\n\t\t\t\t\t\t\t\t<div class=\"img-inner dark\" >\n\t\t\t<img loading=\"lazy\" decoding=\"async\" width=\"1020\" height=\"680\" src=\"https:\/\/ermis-apartments.de\/wp-content\/uploads\/2020\/08\/IMG_6346-1024x683.jpg\" class=\"attachment-large size-large\" alt=\"\" srcset=\"https:\/\/ermis-apartments.de\/wp-content\/uploads\/2020\/08\/IMG_6346-1024x683.jpg 1024w, https:\/\/ermis-apartments.de\/wp-content\/uploads\/2020\/08\/IMG_6346-300x200.jpg 300w, https:\/\/ermis-apartments.de\/wp-content\/uploads\/2020\/08\/IMG_6346-768x512.jpg 768w, https:\/\/ermis-apartments.de\/wp-content\/uploads\/2020\/08\/IMG_6346-1536x1024.jpg 1536w, https:\/\/ermis-apartments.de\/wp-content\/uploads\/2020\/08\/IMG_6346-2048x1365.jpg 2048w, https:\/\/ermis-apartments.de\/wp-content\/uploads\/2020\/08\/IMG_6346-510x340.jpg 510w\" sizes=\"auto, (max-width: 1020px) 100vw, 1020px\" \/>\t\t\t\t\t\t\n\t\t\t\t\t<\/div>\n\t\t\t\t\t\t\t\t\n<style>\n#image_997138829 {\n  width: 100%;\n}\n<\/style>\n\t<\/div>\n\t\n\n\t<div class=\"img has-hover x md-x lg-x y md-y lg-y\" id=\"image_1561836304\">\n\t\t\t\t\t\t\t\t<div class=\"img-inner dark\" >\n\t\t\t<img loading=\"lazy\" decoding=\"async\" width=\"1020\" height=\"680\" src=\"https:\/\/ermis-apartments.de\/wp-content\/uploads\/2020\/08\/IMG_6321-1024x683.jpg\" class=\"attachment-large size-large\" alt=\"\" srcset=\"https:\/\/ermis-apartments.de\/wp-content\/uploads\/2020\/08\/IMG_6321-1024x683.jpg 1024w, https:\/\/ermis-apartments.de\/wp-content\/uploads\/2020\/08\/IMG_6321-300x200.jpg 300w, https:\/\/ermis-apartments.de\/wp-content\/uploads\/2020\/08\/IMG_6321-768x512.jpg 768w, https:\/\/ermis-apartments.de\/wp-content\/uploads\/2020\/08\/IMG_6321-1536x1024.jpg 1536w, https:\/\/ermis-apartments.de\/wp-content\/uploads\/2020\/08\/IMG_6321-2048x1365.jpg 2048w, https:\/\/ermis-apartments.de\/wp-content\/uploads\/2020\/08\/IMG_6321-510x340.jpg 510w\" sizes=\"auto, (max-width: 1020px) 100vw, 1020px\" \/>\t\t\t\t\t\t\n\t\t\t\t\t<\/div>\n\t\t\t\t\t\t\t\t\n<style>\n#image_1561836304 {\n  width: 100%;\n}\n<\/style>\n\t<\/div>\n\t\n\n\t<div class=\"img has-hover x md-x lg-x y md-y lg-y\" id=\"image_1802253177\">\n\t\t\t\t\t\t\t\t<div class=\"img-inner dark\" >\n\t\t\t<img loading=\"lazy\" decoding=\"async\" width=\"1020\" height=\"680\" src=\"https:\/\/ermis-apartments.de\/wp-content\/uploads\/2020\/08\/IMG_6318-1024x683.jpg\" class=\"attachment-large size-large\" alt=\"\" srcset=\"https:\/\/ermis-apartments.de\/wp-content\/uploads\/2020\/08\/IMG_6318-1024x683.jpg 1024w, https:\/\/ermis-apartments.de\/wp-content\/uploads\/2020\/08\/IMG_6318-300x200.jpg 300w, https:\/\/ermis-apartments.de\/wp-content\/uploads\/2020\/08\/IMG_6318-768x512.jpg 768w, https:\/\/ermis-apartments.de\/wp-content\/uploads\/2020\/08\/IMG_6318-1536x1024.jpg 1536w, https:\/\/ermis-apartments.de\/wp-content\/uploads\/2020\/08\/IMG_6318-2048x1365.jpg 2048w, https:\/\/ermis-apartments.de\/wp-content\/uploads\/2020\/08\/IMG_6318-510x340.jpg 510w\" sizes=\"auto, (max-width: 1020px) 100vw, 1020px\" \/>\t\t\t\t\t\t\n\t\t\t\t\t<\/div>\n\t\t\t\t\t\t\t\t\n<style>\n#image_1802253177 {\n  width: 100%;\n}\n<\/style>\n\t<\/div>\n\t\n\n\n     <\/div>\n\n     <div class=\"loading-spin dark large centered\"><\/div>\n\n     \t<\/div>\n\n\n\n\t\t<\/div>\n\t\t\t\t\t<\/div>\n\n\t\n\n\t<div id=\"col-1487078895\" class=\"col medium-7 small-12 large-7\"  >\n\t\t\t\t<div class=\"col-inner text-center\"  >\n\t\t\t\n\t\t\t\n\n<h2><span style=\"font-size: 120%;\">Turkish breakfast - \"T\u00fcrk Kahvalt\u0131s\u0131\"<\/span><\/h2>\n<p style=\"text-align: center;\">\u00a0<\/p>\n<ul>\n<li style=\"text-align: left;\">The Turkish breakfast is one of the richest in the world<\/li>\n<li style=\"text-align: left;\">Many different breakfast components are a personal characteristic of the Turkish breakfast<\/li>\n<li style=\"text-align: left;\">Black tea is drunk for breakfast, not coffee<\/li>\n<li style=\"text-align: left;\">Vegetables such as cucumbers and tomatoes as well as dried fruits such as apricots are part of the traditional breakfast. Black and green olives from the Aegean Sea are indispensable. The omega-3 contained in walnuts contributes to a balanced metabolism<\/li>\n<\/ul>\n\n\t\t<\/div>\n\t\t\t\t\t<\/div>\n\n\t\n\n<\/div>\n\n\t\t<\/div>\n\n\t\t\n<style>\n#section_1681827486 {\n  padding-top: 0px;\n  padding-bottom: 0px;\n  background-color: rgb(193, 193, 193);\n}\n#section_1681827486 .section-bg-overlay {\n  background-color: rgba(255, 255, 255, 0.85);\n}\n#section_1681827486 .ux-shape-divider--top svg {\n  height: 150px;\n  --divider-top-width: 100%;\n}\n#section_1681827486 .ux-shape-divider--bottom svg {\n  height: 150px;\n  --divider-width: 100%;\n}\n<\/style>\n\t<\/section>\n\t\n\t<section class=\"section\" id=\"section_1967128376\">\n\t\t<div class=\"bg section-bg fill bg-fill  bg-loaded\" >\n\n\t\t\t\n\t\t\t<div class=\"section-bg-overlay absolute fill\"><\/div>\n\t\t\t\n\n\t\t<\/div>\n\n\t\t\n\n\t\t<div class=\"section-content relative\">\n\t\t\t\n\n<div class=\"row row-large align-center\"  id=\"row-56919141\">\n\n\n\t<div id=\"col-1531684898\" class=\"col large-12\"  >\n\t\t\t\t<div class=\"col-inner\"  >\n\t\t\t\n\t\t\t\n\n<div class=\"is-divider divider clearfix\" ><\/div>\n\n<div class=\"slider-wrapper relative\" id=\"slider-1846446979\" >\n    <div class=\"slider slider-nav-circle slider-nav-large slider-nav-light slider-style-normal\"\n        data-flickity-options='{            \"cellAlign\": \"center\",            \"imagesLoaded\": true,            \"lazyLoad\": 1,            \"freeScroll\": false,            \"wrapAround\": true,            \"autoPlay\": 5000,            \"pauseAutoPlayOnHover\" : true,            \"prevNextButtons\": true,            \"contain\" : true,            \"adaptiveHeight\" : true,            \"dragThreshold\" : 10,            \"percentPosition\": true,            \"pageDots\": true,            \"rightToLeft\": false,            \"draggable\": true,            \"selectedAttraction\": 0.1,            \"parallax\" : 0,            \"friction\": 0.6        }'\n        >\n        \n\n\t<div class=\"img has-hover x md-x lg-x y md-y lg-y\" id=\"image_217039999\">\n\t\t\t\t\t\t\t\t<div class=\"img-inner dark\" >\n\t\t\t<img loading=\"lazy\" decoding=\"async\" width=\"1020\" height=\"680\" src=\"https:\/\/ermis-apartments.de\/wp-content\/uploads\/2020\/08\/IMG_6264-1024x683.jpg\" class=\"attachment-large size-large\" alt=\"\" srcset=\"https:\/\/ermis-apartments.de\/wp-content\/uploads\/2020\/08\/IMG_6264-1024x683.jpg 1024w, https:\/\/ermis-apartments.de\/wp-content\/uploads\/2020\/08\/IMG_6264-300x200.jpg 300w, https:\/\/ermis-apartments.de\/wp-content\/uploads\/2020\/08\/IMG_6264-768x512.jpg 768w, https:\/\/ermis-apartments.de\/wp-content\/uploads\/2020\/08\/IMG_6264-1536x1024.jpg 1536w, https:\/\/ermis-apartments.de\/wp-content\/uploads\/2020\/08\/IMG_6264-2048x1365.jpg 2048w, https:\/\/ermis-apartments.de\/wp-content\/uploads\/2020\/08\/IMG_6264-510x340.jpg 510w\" sizes=\"auto, (max-width: 1020px) 100vw, 1020px\" \/>\t\t\t\t\t\t\n\t\t\t\t\t<\/div>\n\t\t\t\t\t\t\t\t\n<style>\n#image_217039999 {\n  width: 100%;\n}\n<\/style>\n\t<\/div>\n\t\n\n\t<div class=\"img has-hover x md-x lg-x y md-y lg-y\" id=\"image_1911618415\">\n\t\t\t\t\t\t\t\t<div class=\"img-inner dark\" >\n\t\t\t<img loading=\"lazy\" decoding=\"async\" width=\"1020\" height=\"680\" src=\"https:\/\/ermis-apartments.de\/wp-content\/uploads\/2020\/08\/IMG_6282-1024x683.jpg\" class=\"attachment-large size-large\" alt=\"\" srcset=\"https:\/\/ermis-apartments.de\/wp-content\/uploads\/2020\/08\/IMG_6282-1024x683.jpg 1024w, https:\/\/ermis-apartments.de\/wp-content\/uploads\/2020\/08\/IMG_6282-300x200.jpg 300w, https:\/\/ermis-apartments.de\/wp-content\/uploads\/2020\/08\/IMG_6282-768x512.jpg 768w, https:\/\/ermis-apartments.de\/wp-content\/uploads\/2020\/08\/IMG_6282-1536x1024.jpg 1536w, https:\/\/ermis-apartments.de\/wp-content\/uploads\/2020\/08\/IMG_6282-2048x1365.jpg 2048w, https:\/\/ermis-apartments.de\/wp-content\/uploads\/2020\/08\/IMG_6282-510x340.jpg 510w\" sizes=\"auto, (max-width: 1020px) 100vw, 1020px\" \/>\t\t\t\t\t\t\n\t\t\t\t\t<\/div>\n\t\t\t\t\t\t\t\t\n<style>\n#image_1911618415 {\n  width: 100%;\n}\n<\/style>\n\t<\/div>\n\t\n\n\n     <\/div>\n\n     <div class=\"loading-spin dark large centered\"><\/div>\n\n     \t<\/div>\n\n\n\n\t\t<\/div>\n\t\t\t\t\t<\/div>\n\n\t\n\n\t<div id=\"col-1281772209\" class=\"col medium-7 small-12 large-7\"  >\n\t\t\t\t<div class=\"col-inner text-center\"  >\n\t\t\t\n\t\t\t\n\n<h2>French breakfast - \"Petit-d\u00e9jeuner fran\u00e7ais\"<\/h2>\n<p>\u00a0<\/p>\n<ul>\n<li style=\"text-align: left;\">The French breakfast is very minimalistic<\/li>\n<li style=\"text-align: left;\">The croissant is one of the most important ingredients<\/li>\n<li style=\"text-align: left;\">The croissant has a special taste with butter and chocolate cream<\/li>\n<\/ul>\n\n\t\t<\/div>\n\t\t\t\t\t<\/div>\n\n\t\n\n<\/div>\n\n\t\t<\/div>\n\n\t\t\n<style>\n#section_1967128376 {\n  padding-top: 0px;\n  padding-bottom: 0px;\n  background-color: rgb(193, 193, 193);\n}\n#section_1967128376 .section-bg-overlay {\n  background-color: rgba(255, 255, 255, 0.85);\n}\n#section_1967128376 .ux-shape-divider--top svg {\n  height: 150px;\n  --divider-top-width: 100%;\n}\n#section_1967128376 .ux-shape-divider--bottom svg {\n  height: 150px;\n  --divider-width: 100%;\n}\n<\/style>\n\t<\/section>\n\t\n\n  \n    <div class=\"row large-columns-3 medium-columns-1 small-columns-1 slider row-slider slider-nav-reveal slider-nav-push\"  data-flickity-options='{\"imagesLoaded\": true, \"groupCells\": \"100%\", \"dragThreshold\" : 5, \"cellAlign\": \"left\",\"wrapAround\": true,\"prevNextButtons\": true,\"percentPosition\": true,\"pageDots\": false, \"rightToLeft\": false, \"autoPlay\" : false}'>\n\n  <\/div>","protected":false},"excerpt":{"rendered":"","protected":false},"author":1,"featured_media":0,"parent":0,"menu_order":0,"comment_status":"closed","ping_status":"closed","template":"","meta":{"_monsterinsights_skip_tracking":false,"_monsterinsights_sitenote_active":false,"_monsterinsights_sitenote_note":"","_monsterinsights_sitenote_category":0,"footnotes":""},"class_list":["post-37","page","type-page","status-publish","hentry"],"yoast_head":"<!-- This site is optimized with the Yoast SEO plugin v25.3 - https:\/\/yoast.com\/wordpress\/plugins\/seo\/ -->\n<title>Fr\u00fchst\u00fcck - Ermis Apartments<\/title>\n<meta name=\"robots\" content=\"index, follow, max-snippet:-1, max-image-preview:large, max-video-preview:-1\" \/>\n<link rel=\"canonical\" href=\"https:\/\/ermis-apartments.de\/en_en\/fruehstueck\/\" \/>\n<meta property=\"og:locale\" content=\"en_GB\" \/>\n<meta property=\"og:type\" content=\"article\" \/>\n<meta property=\"og:title\" content=\"Fr\u00fchst\u00fcck - Ermis Apartments\" \/>\n<meta property=\"og:url\" content=\"https:\/\/ermis-apartments.de\/en_en\/fruehstueck\/\" \/>\n<meta property=\"og:site_name\" content=\"Ermis Apartments\" \/>\n<meta property=\"article:modified_time\" content=\"2020-09-11T20:18:26+00:00\" \/>\n<meta name=\"twitter:card\" content=\"summary_large_image\" \/>\n<meta name=\"twitter:label1\" content=\"Estimated reading time\" \/>\n\t<meta name=\"twitter:data1\" content=\"1 minute\" \/>\n<script type=\"application\/ld+json\" class=\"yoast-schema-graph\">{\"@context\":\"https:\/\/schema.org\",\"@graph\":[{\"@type\":\"WebPage\",\"@id\":\"https:\/\/ermis-apartments.de\/fruehstueck\/\",\"url\":\"https:\/\/ermis-apartments.de\/fruehstueck\/\",\"name\":\"Fr\u00fchst\u00fcck - Ermis Apartments\",\"isPartOf\":{\"@id\":\"https:\/\/ermis-apartments.de\/#website\"},\"datePublished\":\"2020-03-21T14:46:43+00:00\",\"dateModified\":\"2020-09-11T20:18:26+00:00\",\"breadcrumb\":{\"@id\":\"https:\/\/ermis-apartments.de\/fruehstueck\/#breadcrumb\"},\"inLanguage\":\"en-GB\",\"potentialAction\":[{\"@type\":\"ReadAction\",\"target\":[\"https:\/\/ermis-apartments.de\/fruehstueck\/\"]}]},{\"@type\":\"BreadcrumbList\",\"@id\":\"https:\/\/ermis-apartments.de\/fruehstueck\/#breadcrumb\",\"itemListElement\":[{\"@type\":\"ListItem\",\"position\":1,\"name\":\"Startseite\",\"item\":\"https:\/\/ermis-apartments.de\/\"},{\"@type\":\"ListItem\",\"position\":2,\"name\":\"Fr\u00fchst\u00fcck\"}]},{\"@type\":\"WebSite\",\"@id\":\"https:\/\/ermis-apartments.de\/#website\",\"url\":\"https:\/\/ermis-apartments.de\/\",\"name\":\"Ermis Apartments\",\"description\":\"Apartments in Metzingen\",\"potentialAction\":[{\"@type\":\"SearchAction\",\"target\":{\"@type\":\"EntryPoint\",\"urlTemplate\":\"https:\/\/ermis-apartments.de\/?s={search_term_string}\"},\"query-input\":{\"@type\":\"PropertyValueSpecification\",\"valueRequired\":true,\"valueName\":\"search_term_string\"}}],\"inLanguage\":\"en-GB\"}]}<\/script>\n<!-- \/ Yoast SEO plugin. -->","yoast_head_json":{"title":"Fr\u00fchst\u00fcck - Ermis Apartments","robots":{"index":"index","follow":"follow","max-snippet":"max-snippet:-1","max-image-preview":"max-image-preview:large","max-video-preview":"max-video-preview:-1"},"canonical":"https:\/\/ermis-apartments.de\/en_en\/fruehstueck\/","og_locale":"en_GB","og_type":"article","og_title":"Fr\u00fchst\u00fcck - Ermis Apartments","og_url":"https:\/\/ermis-apartments.de\/en_en\/fruehstueck\/","og_site_name":"Ermis Apartments","article_modified_time":"2020-09-11T20:18:26+00:00","twitter_card":"summary_large_image","twitter_misc":{"Estimated reading time":"1 minute"},"schema":{"@context":"https:\/\/schema.org","@graph":[{"@type":"WebPage","@id":"https:\/\/ermis-apartments.de\/fruehstueck\/","url":"https:\/\/ermis-apartments.de\/fruehstueck\/","name":"Fr\u00fchst\u00fcck - Ermis Apartments","isPartOf":{"@id":"https:\/\/ermis-apartments.de\/#website"},"datePublished":"2020-03-21T14:46:43+00:00","dateModified":"2020-09-11T20:18:26+00:00","breadcrumb":{"@id":"https:\/\/ermis-apartments.de\/fruehstueck\/#breadcrumb"},"inLanguage":"en-GB","potentialAction":[{"@type":"ReadAction","target":["https:\/\/ermis-apartments.de\/fruehstueck\/"]}]},{"@type":"BreadcrumbList","@id":"https:\/\/ermis-apartments.de\/fruehstueck\/#breadcrumb","itemListElement":[{"@type":"ListItem","position":1,"name":"Startseite","item":"https:\/\/ermis-apartments.de\/"},{"@type":"ListItem","position":2,"name":"Fr\u00fchst\u00fcck"}]},{"@type":"WebSite","@id":"https:\/\/ermis-apartments.de\/#website","url":"https:\/\/ermis-apartments.de\/","name":"Ermis Apartments","description":"Apartments in Metzingen","potentialAction":[{"@type":"SearchAction","target":{"@type":"EntryPoint","urlTemplate":"https:\/\/ermis-apartments.de\/?s={search_term_string}"},"query-input":{"@type":"PropertyValueSpecification","valueRequired":true,"valueName":"search_term_string"}}],"inLanguage":"en-GB"}]}},"_links":{"self":[{"href":"https:\/\/ermis-apartments.de\/en_en\/wp-json\/wp\/v2\/pages\/37","targetHints":{"allow":["GET"]}}],"collection":[{"href":"https:\/\/ermis-apartments.de\/en_en\/wp-json\/wp\/v2\/pages"}],"about":[{"href":"https:\/\/ermis-apartments.de\/en_en\/wp-json\/wp\/v2\/types\/page"}],"author":[{"embeddable":true,"href":"https:\/\/ermis-apartments.de\/en_en\/wp-json\/wp\/v2\/users\/1"}],"replies":[{"embeddable":true,"href":"https:\/\/ermis-apartments.de\/en_en\/wp-json\/wp\/v2\/comments?post=37"}],"version-history":[{"count":20,"href":"https:\/\/ermis-apartments.de\/en_en\/wp-json\/wp\/v2\/pages\/37\/revisions"}],"predecessor-version":[{"id":660,"href":"https:\/\/ermis-apartments.de\/en_en\/wp-json\/wp\/v2\/pages\/37\/revisions\/660"}],"wp:attachment":[{"href":"https:\/\/ermis-apartments.de\/en_en\/wp-json\/wp\/v2\/media?parent=37"}],"curies":[{"name":"wp","href":"https:\/\/api.w.org\/{rel}","templated":true}]}}